{"id":1671,"date":"2020-01-07T20:06:17","date_gmt":"2020-01-07T19:06:17","guid":{"rendered":"http:\/\/www.barbarascoppa.com\/tv\/"},"modified":"2025-03-17T13:22:36","modified_gmt":"2025-03-17T12:22:36","slug":"tv","status":"publish","type":"page","link":"https:\/\/www.barbarascoppa.com\/fr\/tv\/","title":{"rendered":"TV"},"content":{"rendered":"\n<div style=\"height:50px\" aria-hidden=\"true\" class=\"wp-block-spacer\"><\/div>\n\n<p> \u00ab\u00a0LE MANI DENTRO LA CITTA'\u00a0\u00bb r\u00e9alis\u00e9 par Alessandro Angelini (2012)<br\/> \u00ab\u00a0DISTRETTO DI POLIZIA 7\u00a0\u00bb r\u00e9alis\u00e9 par A. Capone (2007)<br\/> \u00ab\u00a0LA SQUADRA\u00a0\u00bb r\u00e9alis\u00e9 par G. Leacche (2005)<br\/> \u00ab\u00a0IL GRANDE TORINO\u00a0\u00bb r\u00e9alis\u00e9 par Claudio Bonivento (2004)<br\/> \u00ab\u00a0ARRIVANO I ROSSI\u00a0\u00bb protagoniste, cam\u00e9ra cach\u00e9e Italia 1, r\u00e9alis\u00e9 par Andrea Marchi (2003)<br\/> \u00ab\u00a0INCANTESIMO 6\u00a0\u00bb r\u00e9alis\u00e9 par A. Cane et T. Sherman (2002)<br\/> \u00ab\u00a0CARABINIERI 2\u00a0\u00bb r\u00e9alis\u00e9 par R. Mertes (2002)<br\/> \u00ab\u00a0IL COMMISSARIO\u00a0\u00bb r\u00e9alis\u00e9 par A. Capone (2001)<br\/> \u00ab\u00a0BEL AMI\u00a0\u00bb r\u00e9alis\u00e9 par Massimo Spano (2001)<br\/> \u00ab\u00a0DISTRETTO DI POLIZIA\u00a0\u00bb r\u00e9alis\u00e9 par Renato De Maria (2000)<br\/> \u00ab\u00a0TEQUILA &amp; BONETTI\u00a0\u00bb r\u00f4le Anna Giusti, r\u00e9alis\u00e9 par Bruno Nappi (2000)<br\/> \u00ab\u00a0CAMICI BIANCHI\u00a0\u00bb s\u00e9rie t\u00e9l\u00e9vis\u00e9e, r\u00e9alis\u00e9e par S. Amatucci (1999)<br\/> \u00ab\u00a0TURBO\u00a0\u00bb \u00ab\u00a0Delitti di provincia\u00a0\u00bb, r\u00e9alis\u00e9 par Antonio Bonifacio (1999)<br\/> \u00ab\u00a0GIOCHI PERICOLOSI\u00a0\u00bb r\u00f4le Laura, r\u00e9alis\u00e9 par Alfredo Angeli (1999)<br\/> \u00ab\u00a0L&rsquo;ISPETTORE GIUSTI\u00a0\u00bb r\u00f4le du juge Bonaldi, r\u00e9alis\u00e9 par Sergio Martino (1999)<br\/> \u00ab\u00a0NON LASCIAMOCI PIU'\u00a0\u00bb \u00ab\u00a0Un regalo dal passato\u00a0\u00bb, protagoniste d&rsquo;un \u00e9pisode, r\u00e9alis\u00e9 par Vittorio Sindoni (1999)<br\/> \u00ab\u00a0SQUADRA MOBILE SCOMPARSI\u00a0\u00bb \u00ab\u00a0I misteri di Praga\u00a0\u00bb, protagoniste d&rsquo;un \u00e9pisode r\u00e9alis\u00e9 par Claudio Bonivento (1999)<br\/> \u00ab\u00a0LUI E LEI\u00a0\u00bb \u00ab\u00a0Nata per vincere\u00a0\u00bb, \u00e9pisode vedette, r\u00e9alis\u00e9 par L. Manuzzi (1998)<br\/> \u00ab\u00a0IN NOME DELLA FAMIGLIA\u00a0\u00bb r\u00e9alis\u00e9 par Vincenzo Verdecchi (1997)<br\/> \u00ab\u00a0ADDIO E RITORNO\u00a0\u00bb r\u00e9alis\u00e9 par Rodolfo Roberti (1996)<br\/> \u00ab\u00a0TUTTI A CASA\u00a0\u00bb de Pippo Baudo, r\u00e9alis\u00e9 par Riccardo Donna (1994)<br\/> \u00ab\u00a0LE CASCADEUR\u00a0\u00bb protagoniste f\u00e9minin, r\u00e9alis\u00e9 par Jos\u00e8e Dayan (1994)<br\/> \u00ab\u00a0LA SIGNORA IN VERDE\u00a0\u00bb r\u00e9alis\u00e9 par Tony Flaadt (1993)<br\/> \u00ab\u00a0PER AMORE O PER AMICIZIA\u00a0\u00bb r\u00e9alis\u00e9 par Paolo Poeti (1993)<br\/> \u00ab\u00a0UN COMMISSARIO A ROMA\u00a0\u00bb r\u00e9alis\u00e9 par Luca Manfredi (1993)<br\/> \u00ab\u00a0CINECITTA&rsquo;\u2026 CINECITTA'\u00a0\u00bb r\u00e9alis\u00e9 par Vittorio De Sisti (1992)<br\/> \u00ab\u00a0LA STORIA SPEZZATA\u00a0\u00bb r\u00e9alis\u00e9 par Andrea et Antonio Frazzi (1992)<br\/> \u00ab\u00a0LA LUNA NEL POZZO\u00a0\u00bb protagoniste, r\u00e9alis\u00e9 par Enzo Balestrieri (1990)<br\/> \u00ab\u00a0STELLE IN FIAMME\u00a0\u00bb r\u00e9alis\u00e9 par Italo Moscati (1990)<br\/> \u00ab\u00a0DAVID E DAVID\u00a0\u00bb r\u00e9alis\u00e9 par Giorgio Capitani (1989)<br\/> \u00ab\u00a0AEREOPORTO INTERNAZIONALE\u00a0\u00bb r\u00e9alis\u00e9 par Paolo Poeti (1985)<\/p>\n","protected":false},"excerpt":{"rendered":"<p>\u00ab\u00a0LE MANI DENTRO LA CITTA&rsquo;\u00a0\u00bb r\u00e9alis\u00e9 par Alessandro Angelini (2012) \u00ab\u00a0DISTRETTO DI POLIZIA 7\u00a0\u00bb r\u00e9alis\u00e9 par A. Capone (2007) \u00ab\u00a0LA SQUADRA\u00a0\u00bb r\u00e9alis\u00e9 par G. Leacche (2005) \u00ab\u00a0IL GRANDE TORINO\u00a0\u00bb r\u00e9alis\u00e9&#8230;<\/p>\n","protected":false},"author":1,"featured_media":0,"parent":0,"menu_order":0,"comment_status":"closed","ping_status":"closed","template":"","meta":{"footnotes":""},"class_list":["post-1671","page","type-page","status-publish"],"_links":{"self":[{"href":"https:\/\/www.barbarascoppa.com\/fr\/wp-json\/wp\/v2\/pages\/1671","targetHints":{"allow":["GET"]}}],"collection":[{"href":"https:\/\/www.barbarascoppa.com\/fr\/wp-json\/wp\/v2\/pages"}],"about":[{"href":"https:\/\/www.barbarascoppa.com\/fr\/wp-json\/wp\/v2\/types\/page"}],"author":[{"embeddable":true,"href":"https:\/\/www.barbarascoppa.com\/fr\/wp-json\/wp\/v2\/users\/1"}],"replies":[{"embeddable":true,"href":"https:\/\/www.barbarascoppa.com\/fr\/wp-json\/wp\/v2\/comments?post=1671"}],"version-history":[{"count":0,"href":"https:\/\/www.barbarascoppa.com\/fr\/wp-json\/wp\/v2\/pages\/1671\/revisions"}],"wp:attachment":[{"href":"https:\/\/www.barbarascoppa.com\/fr\/wp-json\/wp\/v2\/media?parent=1671"}],"curies":[{"name":"wp","href":"https:\/\/api.w.org\/{rel}","templated":true}]}}