{"id":1694,"date":"2020-01-07T17:11:40","date_gmt":"2020-01-07T16:11:40","guid":{"rendered":"http:\/\/www.barbarascoppa.com\/biografia\/"},"modified":"2025-03-17T12:39:14","modified_gmt":"2025-03-17T11:39:14","slug":"biografia","status":"publish","type":"page","link":"https:\/\/www.barbarascoppa.com\/fr\/biografia\/","title":{"rendered":"Biographie"},"content":{"rendered":"\n<p><\/p><p><strong>LANGUES<\/strong><\/p> <p>Italien, fran\u00e7ais et anglais<\/p> <p><strong>NATIONALIT\u00c9<\/strong><\/p> <p>Italien<\/p> <p><strong>\u00c9TUDES<\/strong><\/p> <p>Dipl\u00f4me de lyc\u00e9e classique<\/p> <p>1984 &#8211; Dipl\u00f4me \u00e0 la \u00ab Bottega Teatrale \u00bb de Florence sous la direction de Vittorio Gassman<\/p> <p><strong>PRIX<\/strong><\/p> <p>1987 &#8211; \u00ab\u00a0PLATEA ORO\u00a0\u00bb comme meilleure actrice de th\u00e9\u00e2tre pour la prose<br\/>1990 &#8211; \u00ab\u00a0PREMIO SPECIALE CINEMATOGRAFIE\u00a0\u00bb pour le film \u00ab\u00a0TURNE'\u00a0\u00bb de G. Salvatores<br\/>1995 &#8211; \u00ab\u00a0PREMIO ESTATE ROMANA\u00a0\u00bb<br\/>1995 &#8211; \u00ab\u00a0PREMIO ESTATE ARTE E SPORT\u00a0\u00bb pour \u00ab\u00a0ANIMA NERA\u00a0\u00bb<\/p>\n","protected":false},"excerpt":{"rendered":"<p>LANGUES Italien, fran\u00e7ais et anglais NATIONALIT\u00c9 Italien \u00c9TUDES Dipl\u00f4me de lyc\u00e9e classique 1984 &#8211; Dipl\u00f4me \u00e0 la \u00ab Bottega Teatrale \u00bb de Florence sous la direction de Vittorio Gassman PRIX&#8230;<\/p>\n","protected":false},"author":1,"featured_media":0,"parent":0,"menu_order":0,"comment_status":"closed","ping_status":"closed","template":"","meta":{"footnotes":""},"class_list":["post-1694","page","type-page","status-publish"],"_links":{"self":[{"href":"https:\/\/www.barbarascoppa.com\/fr\/wp-json\/wp\/v2\/pages\/1694","targetHints":{"allow":["GET"]}}],"collection":[{"href":"https:\/\/www.barbarascoppa.com\/fr\/wp-json\/wp\/v2\/pages"}],"about":[{"href":"https:\/\/www.barbarascoppa.com\/fr\/wp-json\/wp\/v2\/types\/page"}],"author":[{"embeddable":true,"href":"https:\/\/www.barbarascoppa.com\/fr\/wp-json\/wp\/v2\/users\/1"}],"replies":[{"embeddable":true,"href":"https:\/\/www.barbarascoppa.com\/fr\/wp-json\/wp\/v2\/comments?post=1694"}],"version-history":[{"count":0,"href":"https:\/\/www.barbarascoppa.com\/fr\/wp-json\/wp\/v2\/pages\/1694\/revisions"}],"wp:attachment":[{"href":"https:\/\/www.barbarascoppa.com\/fr\/wp-json\/wp\/v2\/media?parent=1694"}],"curies":[{"name":"wp","href":"https:\/\/api.w.org\/{rel}","templated":true}]}}